{"id":152,"date":"2025-02-28T14:38:21","date_gmt":"2025-02-28T14:38:21","guid":{"rendered":"https:\/\/www.diangelo.com.ar\/web\/?page_id=152"},"modified":"2025-12-27T15:39:51","modified_gmt":"2025-12-27T15:39:51","slug":"via-publica","status":"publish","type":"page","link":"https:\/\/www.diangelo.com.ar\/web\/via-publica\/","title":{"rendered":"Accidentes en la v\u00eda p\u00fablica"},"content":{"rendered":"\n<h5 class=\"wp-block-heading has-dark-color has-text-color has-link-color wp-elements-e11b076634a9ebb30464b6d58fac2d4c\">Los <a href=\"https:\/\/www.diangelo.com.ar\/web\/accidentes-de-transito\/\" target=\"_blank\" rel=\"noreferrer noopener\">accidentes y da\u00f1os<\/a> en la v\u00eda p\u00fablica son muy comunes, es bueno saber c\u00f3mo proceder en estos casos.<\/h5>\n\n\n\n<figure class=\"wp-block-image size-full has-custom-border\"><img fetchpriority=\"high\" decoding=\"async\" width=\"1860\" height=\"1888\" src=\"https:\/\/www.diangelo.com.ar\/web\/wp-content\/uploads\/2025\/02\/VEREDA.jpg\" alt=\"Accidentes en la v\u00eda p\u00fablica\" class=\"wp-image-204\" style=\"border-radius:16px;aspect-ratio:4\/3;object-fit:cover\" srcset=\"https:\/\/www.diangelo.com.ar\/web\/wp-content\/uploads\/2025\/02\/VEREDA.jpg 1860w, https:\/\/www.diangelo.com.ar\/web\/wp-content\/uploads\/2025\/02\/VEREDA-296x300.jpg 296w, https:\/\/www.diangelo.com.ar\/web\/wp-content\/uploads\/2025\/02\/VEREDA-1009x1024.jpg 1009w, https:\/\/www.diangelo.com.ar\/web\/wp-content\/uploads\/2025\/02\/VEREDA-768x780.jpg 768w, https:\/\/www.diangelo.com.ar\/web\/wp-content\/uploads\/2025\/02\/VEREDA-1513x1536.jpg 1513w, https:\/\/www.diangelo.com.ar\/web\/wp-content\/uploads\/2025\/02\/VEREDA-1170x1188.jpg 1170w\" sizes=\"(max-width: 1860px) 100vw, 1860px\" \/><\/figure>\n\n\n\n<div class=\"wp-block-columns is-layout-flex wp-container-core-columns-is-layout-28f84493 wp-block-columns-is-layout-flex\">\n<div class=\"wp-block-column is-layout-flow wp-block-column-is-layout-flow\" style=\"flex-basis:66.66%\">\n<p>Somos un equipo de abogados especialistas en accidentes donde intervienen peatones, adem\u00e1s de autos, motocicletas, bicis, subtes y trenes de Capital Federal.<\/p>\n\n\n\n<p><strong>\u00bfSab\u00edas que pod\u00e9s reclamar por este tipo de accidentes en v\u00eda p\u00fablica?<\/strong><\/p>\n\n\n\n<ul class=\"wp-block-list\">\n<li>Accidentes en la calle en veredas rotas.<\/li>\n\n\n\n<li>Accidentes por loma de burro o pozos en la ruta o calle.<\/li>\n\n\n\n<li>Bache. V\u00eda p\u00fablica. Responsabilidad del Municipio.<\/li>\n\n\n\n<li>Desnivel en rutas y caminos, es v\u00eda p\u00fablica. Responsabilidad del Estado.<\/li>\n\n\n\n<li>Loma de burro. Tambi\u00e9n es v\u00eda p\u00fablica. Responsabilidad del Municipio.<\/li>\n\n\n\n<li>Sumideros, corresponde a v\u00eda p\u00fablica. Responsabilidad del Municipio.<\/li>\n\n\n\n<li>Vereda en mal estado. Lesiones del Peat\u00f3n. Responsabilidad del Municipio.<\/li>\n<\/ul>\n\n\n\n<p>Es bueno saber que tanto el <strong>Derecho de da\u00f1os y accidentes<\/strong>, como las <strong>demandas por lesiones en accidente de tr\u00e1nsito o v\u00eda p\u00fablica<\/strong> pueden ser las que correspondan a tu caso.<\/p>\n\n\n\n<p>Te cuento que la <strong>indemnizaci\u00f3n por accidentes de tr\u00e1nsito o los juicios por accidentes de tr\u00e1nsito<\/strong> <strong>en Argentina<\/strong> son nuestra especialidad. Espec\u00edficamente trabajamos en CABA.<\/p>\n\n\n\n<p class=\"has-text-align-center has-border-color has-headings-border-color has-medium-font-size\" style=\"border-width:1px\"><strong><a href=\"https:\/\/www.diangelo.com.ar\/web\/indemnizacion-por-accidente-en-via-publica\/\" target=\"_blank\" rel=\"noreferrer noopener\">Indemnizaci\u00f3n por accidente en v\u00eda p\u00fablica en CABA<\/a><\/strong><\/p>\n\n\n\n<p><a href=\"https:\/\/www.instagram.com\/p\/DMIgzaORe-K\/?hl=es\">M\u00e1s sobre Accidentes en veredas y calles o v\u00eda p\u00fablica.<\/a><\/p>\n\n\n\n<p>Ver tambi\u00e9n <a href=\"https:\/\/www.diangelo.com.ar\/web\/accidentes-de-transito\/\">ACCIDENTES DE TR\u00c1NSITO<\/a><\/p>\n\n\n\n<p>Te invito a hacernos una consulta primaria sin cargo, escribiendo o enviando un audio a nuestro WhatsApp.<\/p>\n\n\n\n<p><\/p>\n<\/div>\n\n\n\n<div class=\"wp-block-column is-layout-flow wp-block-column-is-layout-flow\" style=\"flex-basis:33.33%\">\n<figure class=\"wp-block-video\"><video height=\"850\" style=\"aspect-ratio: 478 \/ 850;\" width=\"478\" controls src=\"https:\/\/www.diangelo.com.ar\/web\/wp-content\/uploads\/2025\/04\/viapublica.mp4\"><\/video><\/figure>\n<\/div>\n<\/div>\n\n\n\n<p><\/p>\n","protected":false},"excerpt":{"rendered":"<p>Los accidentes y da\u00f1os en la v\u00eda p\u00fablica son muy comunes, es bueno saber c\u00f3mo proceder en estos casos. Somos un equipo de abogados especialistas en accidentes donde intervienen peatones, adem\u00e1s de autos, motocicletas, bicis, subtes y trenes de Capital Federal. \u00bfSab\u00edas que pod\u00e9s reclamar por este tipo de accidentes en v\u00eda p\u00fablica? Es bueno [&hellip;]<\/p>\n","protected":false},"author":1,"featured_media":0,"parent":0,"menu_order":0,"comment_status":"closed","ping_status":"closed","template":"","meta":{"_joinchat":[],"footnotes":""},"class_list":["post-152","page","type-page","status-publish","hentry"],"yoast_head":"<!-- This site is optimized with the Yoast SEO plugin v27.4 - https:\/\/yoast.com\/product\/yoast-seo-wordpress\/ -->\n<title>Accidentes en la v\u00eda p\u00fablica &#187; Estudio Di Angelo<\/title>\n<meta name=\"description\" content=\"Somos abogados especialistas en accidentes en la v\u00eda p\u00fablica, demandas por lesiones y da\u00f1os en calles, veredas, v\u00eda p\u00fablica.\" \/>\n<meta name=\"robots\" content=\"index, follow, max-snippet:-1, max-image-preview:large, max-video-preview:-1\" \/>\n<link rel=\"canonical\" href=\"https:\/\/www.diangelo.com.ar\/web\/via-publica\/\" \/>\n<meta property=\"og:locale\" content=\"es_ES\" \/>\n<meta property=\"og:type\" content=\"article\" \/>\n<meta property=\"og:title\" content=\"Accidentes en la v\u00eda p\u00fablica &#187; Estudio Di Angelo\" \/>\n<meta property=\"og:description\" content=\"Somos abogados especialistas en accidentes en la v\u00eda p\u00fablica, demandas por lesiones y da\u00f1os en calles, veredas, v\u00eda p\u00fablica.\" \/>\n<meta property=\"og:url\" content=\"https:\/\/www.diangelo.com.ar\/web\/via-publica\/\" \/>\n<meta property=\"og:site_name\" content=\"Estudio Di Angelo\" \/>\n<meta property=\"article:modified_time\" content=\"2025-12-27T15:39:51+00:00\" \/>\n<meta property=\"og:image\" content=\"https:\/\/www.diangelo.com.ar\/web\/wp-content\/uploads\/2025\/02\/VEREDA-1009x1024.jpg\" \/>\n\t<meta property=\"og:image:width\" content=\"1009\" \/>\n\t<meta property=\"og:image:height\" content=\"1024\" \/>\n\t<meta property=\"og:image:type\" content=\"image\/jpeg\" \/>\n<meta name=\"twitter:card\" content=\"summary_large_image\" \/>\n<meta name=\"twitter:label1\" content=\"Tiempo de lectura\" \/>\n\t<meta name=\"twitter:data1\" content=\"2 minutos\" \/>\n<script type=\"application\/ld+json\" class=\"yoast-schema-graph\">{\"@context\":\"https:\\\/\\\/schema.org\",\"@graph\":[{\"@type\":\"WebPage\",\"@id\":\"https:\\\/\\\/www.diangelo.com.ar\\\/web\\\/via-publica\\\/\",\"url\":\"https:\\\/\\\/www.diangelo.com.ar\\\/web\\\/via-publica\\\/\",\"name\":\"Accidentes en la v\u00eda p\u00fablica &#187; Estudio Di Angelo\",\"isPartOf\":{\"@id\":\"https:\\\/\\\/www.diangelo.com.ar\\\/web\\\/#website\"},\"primaryImageOfPage\":{\"@id\":\"https:\\\/\\\/www.diangelo.com.ar\\\/web\\\/via-publica\\\/#primaryimage\"},\"image\":{\"@id\":\"https:\\\/\\\/www.diangelo.com.ar\\\/web\\\/via-publica\\\/#primaryimage\"},\"thumbnailUrl\":\"https:\\\/\\\/www.diangelo.com.ar\\\/web\\\/wp-content\\\/uploads\\\/2025\\\/02\\\/VEREDA.jpg\",\"datePublished\":\"2025-02-28T14:38:21+00:00\",\"dateModified\":\"2025-12-27T15:39:51+00:00\",\"description\":\"Somos abogados especialistas en accidentes en la v\u00eda p\u00fablica, demandas por lesiones y da\u00f1os en calles, veredas, v\u00eda p\u00fablica.\",\"breadcrumb\":{\"@id\":\"https:\\\/\\\/www.diangelo.com.ar\\\/web\\\/via-publica\\\/#breadcrumb\"},\"inLanguage\":\"es\",\"potentialAction\":[{\"@type\":\"ReadAction\",\"target\":[\"https:\\\/\\\/www.diangelo.com.ar\\\/web\\\/via-publica\\\/\"]}]},{\"@type\":\"ImageObject\",\"inLanguage\":\"es\",\"@id\":\"https:\\\/\\\/www.diangelo.com.ar\\\/web\\\/via-publica\\\/#primaryimage\",\"url\":\"https:\\\/\\\/www.diangelo.com.ar\\\/web\\\/wp-content\\\/uploads\\\/2025\\\/02\\\/VEREDA.jpg\",\"contentUrl\":\"https:\\\/\\\/www.diangelo.com.ar\\\/web\\\/wp-content\\\/uploads\\\/2025\\\/02\\\/VEREDA.jpg\",\"width\":1860,\"height\":1888,\"caption\":\"Indemnizaci\u00f3n por accidente en v\u00eda p\u00fablica\"},{\"@type\":\"BreadcrumbList\",\"@id\":\"https:\\\/\\\/www.diangelo.com.ar\\\/web\\\/via-publica\\\/#breadcrumb\",\"itemListElement\":[{\"@type\":\"ListItem\",\"position\":1,\"name\":\"Portada\",\"item\":\"https:\\\/\\\/www.diangelo.com.ar\\\/web\\\/\"},{\"@type\":\"ListItem\",\"position\":2,\"name\":\"Accidentes en la v\u00eda p\u00fablica\"}]},{\"@type\":\"WebSite\",\"@id\":\"https:\\\/\\\/www.diangelo.com.ar\\\/web\\\/#website\",\"url\":\"https:\\\/\\\/www.diangelo.com.ar\\\/web\\\/\",\"name\":\"Estudio Di Angelo\",\"description\":\"Abogados especialistas en accidentes da\u00f1os y derecho deportivo\",\"publisher\":{\"@id\":\"https:\\\/\\\/www.diangelo.com.ar\\\/web\\\/#\\\/schema\\\/person\\\/0d518b7eacd3749128aa4f0b13ad0880\"},\"alternateName\":\"Estudio de Abogados Di Angelo\",\"potentialAction\":[{\"@type\":\"SearchAction\",\"target\":{\"@type\":\"EntryPoint\",\"urlTemplate\":\"https:\\\/\\\/www.diangelo.com.ar\\\/web\\\/?s={search_term_string}\"},\"query-input\":{\"@type\":\"PropertyValueSpecification\",\"valueRequired\":true,\"valueName\":\"search_term_string\"}}],\"inLanguage\":\"es\"},{\"@type\":[\"Person\",\"Organization\"],\"@id\":\"https:\\\/\\\/www.diangelo.com.ar\\\/web\\\/#\\\/schema\\\/person\\\/0d518b7eacd3749128aa4f0b13ad0880\",\"name\":\"admin\",\"image\":{\"@type\":\"ImageObject\",\"inLanguage\":\"es\",\"@id\":\"https:\\\/\\\/www.diangelo.com.ar\\\/web\\\/wp-content\\\/uploads\\\/2025\\\/08\\\/cropped-icono-estudio-abogados.jpg\",\"url\":\"https:\\\/\\\/www.diangelo.com.ar\\\/web\\\/wp-content\\\/uploads\\\/2025\\\/08\\\/cropped-icono-estudio-abogados.jpg\",\"contentUrl\":\"https:\\\/\\\/www.diangelo.com.ar\\\/web\\\/wp-content\\\/uploads\\\/2025\\\/08\\\/cropped-icono-estudio-abogados.jpg\",\"width\":512,\"height\":512,\"caption\":\"admin\"},\"logo\":{\"@id\":\"https:\\\/\\\/www.diangelo.com.ar\\\/web\\\/wp-content\\\/uploads\\\/2025\\\/08\\\/cropped-icono-estudio-abogados.jpg\"},\"sameAs\":[\"https:\\\/\\\/www.diangelo.com.ar\\\/web\"]}]}<\/script>\n<!-- \/ Yoast SEO plugin. -->","yoast_head_json":{"title":"Accidentes en la v\u00eda p\u00fablica &#187; Estudio Di Angelo","description":"Somos abogados especialistas en accidentes en la v\u00eda p\u00fablica, demandas por lesiones y da\u00f1os en calles, veredas, v\u00eda p\u00fablica.","robots":{"index":"index","follow":"follow","max-snippet":"max-snippet:-1","max-image-preview":"max-image-preview:large","max-video-preview":"max-video-preview:-1"},"canonical":"https:\/\/www.diangelo.com.ar\/web\/via-publica\/","og_locale":"es_ES","og_type":"article","og_title":"Accidentes en la v\u00eda p\u00fablica &#187; Estudio Di Angelo","og_description":"Somos abogados especialistas en accidentes en la v\u00eda p\u00fablica, demandas por lesiones y da\u00f1os en calles, veredas, v\u00eda p\u00fablica.","og_url":"https:\/\/www.diangelo.com.ar\/web\/via-publica\/","og_site_name":"Estudio Di Angelo","article_modified_time":"2025-12-27T15:39:51+00:00","og_image":[{"width":1009,"height":1024,"url":"https:\/\/www.diangelo.com.ar\/web\/wp-content\/uploads\/2025\/02\/VEREDA-1009x1024.jpg","type":"image\/jpeg"}],"twitter_card":"summary_large_image","twitter_misc":{"Tiempo de lectura":"2 minutos"},"schema":{"@context":"https:\/\/schema.org","@graph":[{"@type":"WebPage","@id":"https:\/\/www.diangelo.com.ar\/web\/via-publica\/","url":"https:\/\/www.diangelo.com.ar\/web\/via-publica\/","name":"Accidentes en la v\u00eda p\u00fablica &#187; Estudio Di Angelo","isPartOf":{"@id":"https:\/\/www.diangelo.com.ar\/web\/#website"},"primaryImageOfPage":{"@id":"https:\/\/www.diangelo.com.ar\/web\/via-publica\/#primaryimage"},"image":{"@id":"https:\/\/www.diangelo.com.ar\/web\/via-publica\/#primaryimage"},"thumbnailUrl":"https:\/\/www.diangelo.com.ar\/web\/wp-content\/uploads\/2025\/02\/VEREDA.jpg","datePublished":"2025-02-28T14:38:21+00:00","dateModified":"2025-12-27T15:39:51+00:00","description":"Somos abogados especialistas en accidentes en la v\u00eda p\u00fablica, demandas por lesiones y da\u00f1os en calles, veredas, v\u00eda p\u00fablica.","breadcrumb":{"@id":"https:\/\/www.diangelo.com.ar\/web\/via-publica\/#breadcrumb"},"inLanguage":"es","potentialAction":[{"@type":"ReadAction","target":["https:\/\/www.diangelo.com.ar\/web\/via-publica\/"]}]},{"@type":"ImageObject","inLanguage":"es","@id":"https:\/\/www.diangelo.com.ar\/web\/via-publica\/#primaryimage","url":"https:\/\/www.diangelo.com.ar\/web\/wp-content\/uploads\/2025\/02\/VEREDA.jpg","contentUrl":"https:\/\/www.diangelo.com.ar\/web\/wp-content\/uploads\/2025\/02\/VEREDA.jpg","width":1860,"height":1888,"caption":"Indemnizaci\u00f3n por accidente en v\u00eda p\u00fablica"},{"@type":"BreadcrumbList","@id":"https:\/\/www.diangelo.com.ar\/web\/via-publica\/#breadcrumb","itemListElement":[{"@type":"ListItem","position":1,"name":"Portada","item":"https:\/\/www.diangelo.com.ar\/web\/"},{"@type":"ListItem","position":2,"name":"Accidentes en la v\u00eda p\u00fablica"}]},{"@type":"WebSite","@id":"https:\/\/www.diangelo.com.ar\/web\/#website","url":"https:\/\/www.diangelo.com.ar\/web\/","name":"Estudio Di Angelo","description":"Abogados especialistas en accidentes da\u00f1os y derecho deportivo","publisher":{"@id":"https:\/\/www.diangelo.com.ar\/web\/#\/schema\/person\/0d518b7eacd3749128aa4f0b13ad0880"},"alternateName":"Estudio de Abogados Di Angelo","potentialAction":[{"@type":"SearchAction","target":{"@type":"EntryPoint","urlTemplate":"https:\/\/www.diangelo.com.ar\/web\/?s={search_term_string}"},"query-input":{"@type":"PropertyValueSpecification","valueRequired":true,"valueName":"search_term_string"}}],"inLanguage":"es"},{"@type":["Person","Organization"],"@id":"https:\/\/www.diangelo.com.ar\/web\/#\/schema\/person\/0d518b7eacd3749128aa4f0b13ad0880","name":"admin","image":{"@type":"ImageObject","inLanguage":"es","@id":"https:\/\/www.diangelo.com.ar\/web\/wp-content\/uploads\/2025\/08\/cropped-icono-estudio-abogados.jpg","url":"https:\/\/www.diangelo.com.ar\/web\/wp-content\/uploads\/2025\/08\/cropped-icono-estudio-abogados.jpg","contentUrl":"https:\/\/www.diangelo.com.ar\/web\/wp-content\/uploads\/2025\/08\/cropped-icono-estudio-abogados.jpg","width":512,"height":512,"caption":"admin"},"logo":{"@id":"https:\/\/www.diangelo.com.ar\/web\/wp-content\/uploads\/2025\/08\/cropped-icono-estudio-abogados.jpg"},"sameAs":["https:\/\/www.diangelo.com.ar\/web"]}]}},"_links":{"self":[{"href":"https:\/\/www.diangelo.com.ar\/web\/wp-json\/wp\/v2\/pages\/152","targetHints":{"allow":["GET"]}}],"collection":[{"href":"https:\/\/www.diangelo.com.ar\/web\/wp-json\/wp\/v2\/pages"}],"about":[{"href":"https:\/\/www.diangelo.com.ar\/web\/wp-json\/wp\/v2\/types\/page"}],"author":[{"embeddable":true,"href":"https:\/\/www.diangelo.com.ar\/web\/wp-json\/wp\/v2\/users\/1"}],"replies":[{"embeddable":true,"href":"https:\/\/www.diangelo.com.ar\/web\/wp-json\/wp\/v2\/comments?post=152"}],"version-history":[{"count":13,"href":"https:\/\/www.diangelo.com.ar\/web\/wp-json\/wp\/v2\/pages\/152\/revisions"}],"predecessor-version":[{"id":460,"href":"https:\/\/www.diangelo.com.ar\/web\/wp-json\/wp\/v2\/pages\/152\/revisions\/460"}],"wp:attachment":[{"href":"https:\/\/www.diangelo.com.ar\/web\/wp-json\/wp\/v2\/media?parent=152"}],"curies":[{"name":"wp","href":"https:\/\/api.w.org\/{rel}","templated":true}]}}