{"id":117,"date":"2025-02-27T14:43:47","date_gmt":"2025-02-27T14:43:47","guid":{"rendered":"https:\/\/www.diangelo.com.ar\/web\/?page_id=117"},"modified":"2025-08-05T12:32:25","modified_gmt":"2025-08-05T12:32:25","slug":"bio-cristian-di-angelo","status":"publish","type":"page","link":"https:\/\/www.diangelo.com.ar\/web\/bio-cristian-di-angelo\/","title":{"rendered":"Bio Cristian Di Angelo"},"content":{"rendered":"\n<h5 class=\"wp-block-heading is-style-default has-dark-color has-text-color has-link-color wp-elements-652ad427e3eb384de67171c8259d1535\">Soy coordinador y titular del estudio de Abogados especializado en ACCIDENTES y DERECHO DEPORTIVO Cristian Di Angelo.<\/h5>\n\n\n\n<figure class=\"wp-block-image size-large has-custom-border\"><img fetchpriority=\"high\" decoding=\"async\" width=\"1009\" height=\"1024\" src=\"https:\/\/www.diangelo.com.ar\/web\/wp-content\/uploads\/2025\/03\/BIO-2-1009x1024.jpg\" alt=\"Bio Cristian Di Angelo\" class=\"wp-image-194\" style=\"border-radius:16px\" srcset=\"https:\/\/www.diangelo.com.ar\/web\/wp-content\/uploads\/2025\/03\/BIO-2-1009x1024.jpg 1009w, https:\/\/www.diangelo.com.ar\/web\/wp-content\/uploads\/2025\/03\/BIO-2-296x300.jpg 296w, https:\/\/www.diangelo.com.ar\/web\/wp-content\/uploads\/2025\/03\/BIO-2-768x780.jpg 768w, https:\/\/www.diangelo.com.ar\/web\/wp-content\/uploads\/2025\/03\/BIO-2-1513x1536.jpg 1513w, https:\/\/www.diangelo.com.ar\/web\/wp-content\/uploads\/2025\/03\/BIO-2-1170x1188.jpg 1170w, https:\/\/www.diangelo.com.ar\/web\/wp-content\/uploads\/2025\/03\/BIO-2.jpg 1860w\" sizes=\"(max-width: 1009px) 100vw, 1009px\" \/><\/figure>\n\n\n\n<p>En primer lugar debo presentarme como Cristian Di Angelo,\u00a0abogado especialista en da\u00f1os y deportes.<\/p>\n\n\n\n<p>Adem\u00e1s les cuento que me recib\u00ed en la Universidad de Buenos Aires\u00a0en 1994.<\/p>\n\n\n\n<p>M\u00e1s tarde, en el a\u00f1o 2015 me diplom\u00e9 en Derecho del Deporte en el Colegio P\u00fablico de Abogados de la Capital Federal y la Universidad de la Marina Mercante. Me certifiqu\u00e9 en Psicolog\u00eda Deportiva, Coaching y Liderazgo en el Profesorado Superior Argentino de Tenis, en 2017.<\/p>\n\n\n\n<p>Tambi\u00e9n fui ayudante de Derecho Penal I en la Universidad Nacional de Lomas de Zamora e integrante de la comisi\u00f3n de Derechos Humanos de la Asociaci\u00f3n de Abogados de Buenos Aires.<\/p>\n\n\n\n<p>En la actualidad coordino el trabajo en equipo del estudio donde soy titular.<\/p>\n\n\n\n<p>Siguiendo con otras actividades, destaco que soy socio activo y tesorero de la Asociaci\u00f3n Latinoamericana del Derecho del Deporte (ALADDE). Participo en foros, conferencias y jornadas relacionadas con el derecho y el coaching deportivo.<\/p>\n\n\n\n<p>Por consiguiente la experiencia acumulada desde mi \u00e9poca de estudiante me permite brindar un servicio \u00fanico, \u00e1gil y de alta calidad que se refleja en los altos \u00edndices de acuerdos y litigios ganados.<\/p>\n\n\n\n<p>Me ocupo de que las consultas encuentren respuestas, tengo un equipo de confianza que hace que el servicio a los clientes sea destacable en casos de <a href=\"https:\/\/www.diangelo.com.ar\/web\/accidentes-de-transito\/\">accidentes de tr\u00e1nsito<\/a>, <a href=\"https:\/\/www.diangelo.com.ar\/web\/via-publica\/\">accidentes en v\u00eda p\u00fablica<\/a> o <a href=\"https:\/\/www.diangelo.com.ar\/web\/derecho-deportivo\/\">derecho deportivo<\/a>.<\/p>\n\n\n\n<p>Es m\u00e1s si te interesa saber sobre lo que hago te dejo este link para que me conozcas un poco m\u00e1s: <a href=\"https:\/\/www.instagram.com\/p\/DLsX9-RRcHY\/?hl=es\">Cristian Di Angelo<\/a>.<\/p>\n\n\n\n<p>Te invito a hacernos una consulta primaria sin cargo, escribiendo o enviando un audio a nuestro WhatsApp.<\/p>\n\n\n\n<p><\/p>\n","protected":false},"excerpt":{"rendered":"<p>Soy coordinador y titular del estudio de Abogados especializado en ACCIDENTES y DERECHO DEPORTIVO Cristian Di Angelo. En primer lugar debo presentarme como Cristian Di Angelo,\u00a0abogado especialista en da\u00f1os y deportes. Adem\u00e1s les cuento que me recib\u00ed en la Universidad de Buenos Aires\u00a0en 1994. M\u00e1s tarde, en el a\u00f1o 2015 me diplom\u00e9 en Derecho del [&hellip;]<\/p>\n","protected":false},"author":1,"featured_media":0,"parent":0,"menu_order":0,"comment_status":"closed","ping_status":"closed","template":"","meta":{"_joinchat":[],"footnotes":""},"class_list":["post-117","page","type-page","status-publish","hentry"],"yoast_head":"<!-- This site is optimized with the Yoast SEO plugin v27.4 - https:\/\/yoast.com\/product\/yoast-seo-wordpress\/ -->\n<title>Bio Cristian Di Angelo &#187; Estudio Di Angelo<\/title>\n<meta name=\"description\" content=\"Soy un abogado especialista en accidentes de tr\u00e1nsito, accidentes en v\u00eda p\u00fablica y derecho deportivo en Argentina, CABA con experiencia.\" \/>\n<meta name=\"robots\" content=\"index, follow, max-snippet:-1, max-image-preview:large, max-video-preview:-1\" \/>\n<link rel=\"canonical\" href=\"https:\/\/www.diangelo.com.ar\/web\/bio-cristian-di-angelo\/\" \/>\n<meta property=\"og:locale\" content=\"es_ES\" \/>\n<meta property=\"og:type\" content=\"article\" \/>\n<meta property=\"og:title\" content=\"Bio Cristian Di Angelo &#187; Estudio Di Angelo\" \/>\n<meta property=\"og:description\" content=\"Soy un abogado especialista en accidentes de tr\u00e1nsito, accidentes en v\u00eda p\u00fablica y derecho deportivo en Argentina, CABA con experiencia.\" \/>\n<meta property=\"og:url\" content=\"https:\/\/www.diangelo.com.ar\/web\/bio-cristian-di-angelo\/\" \/>\n<meta property=\"og:site_name\" content=\"Estudio Di Angelo\" \/>\n<meta property=\"article:modified_time\" content=\"2025-08-05T12:32:25+00:00\" \/>\n<meta property=\"og:image\" content=\"https:\/\/www.diangelo.com.ar\/web\/wp-content\/uploads\/2025\/03\/BIO-2.jpg\" \/>\n\t<meta property=\"og:image:width\" content=\"1860\" \/>\n\t<meta property=\"og:image:height\" content=\"1888\" \/>\n\t<meta property=\"og:image:type\" content=\"image\/jpeg\" \/>\n<meta name=\"twitter:card\" content=\"summary_large_image\" \/>\n<meta name=\"twitter:label1\" content=\"Tiempo de lectura\" \/>\n\t<meta name=\"twitter:data1\" content=\"2 minutos\" \/>\n<script type=\"application\/ld+json\" class=\"yoast-schema-graph\">{\"@context\":\"https:\\\/\\\/schema.org\",\"@graph\":[{\"@type\":\"WebPage\",\"@id\":\"https:\\\/\\\/www.diangelo.com.ar\\\/web\\\/bio-cristian-di-angelo\\\/\",\"url\":\"https:\\\/\\\/www.diangelo.com.ar\\\/web\\\/bio-cristian-di-angelo\\\/\",\"name\":\"Bio Cristian Di Angelo &#187; Estudio Di Angelo\",\"isPartOf\":{\"@id\":\"https:\\\/\\\/www.diangelo.com.ar\\\/web\\\/#website\"},\"primaryImageOfPage\":{\"@id\":\"https:\\\/\\\/www.diangelo.com.ar\\\/web\\\/bio-cristian-di-angelo\\\/#primaryimage\"},\"image\":{\"@id\":\"https:\\\/\\\/www.diangelo.com.ar\\\/web\\\/bio-cristian-di-angelo\\\/#primaryimage\"},\"thumbnailUrl\":\"https:\\\/\\\/www.diangelo.com.ar\\\/web\\\/wp-content\\\/uploads\\\/2025\\\/03\\\/BIO-2-1009x1024.jpg\",\"datePublished\":\"2025-02-27T14:43:47+00:00\",\"dateModified\":\"2025-08-05T12:32:25+00:00\",\"description\":\"Soy un abogado especialista en accidentes de tr\u00e1nsito, accidentes en v\u00eda p\u00fablica y derecho deportivo en Argentina, CABA con experiencia.\",\"breadcrumb\":{\"@id\":\"https:\\\/\\\/www.diangelo.com.ar\\\/web\\\/bio-cristian-di-angelo\\\/#breadcrumb\"},\"inLanguage\":\"es\",\"potentialAction\":[{\"@type\":\"ReadAction\",\"target\":[\"https:\\\/\\\/www.diangelo.com.ar\\\/web\\\/bio-cristian-di-angelo\\\/\"]}]},{\"@type\":\"ImageObject\",\"inLanguage\":\"es\",\"@id\":\"https:\\\/\\\/www.diangelo.com.ar\\\/web\\\/bio-cristian-di-angelo\\\/#primaryimage\",\"url\":\"https:\\\/\\\/www.diangelo.com.ar\\\/web\\\/wp-content\\\/uploads\\\/2025\\\/03\\\/BIO-2.jpg\",\"contentUrl\":\"https:\\\/\\\/www.diangelo.com.ar\\\/web\\\/wp-content\\\/uploads\\\/2025\\\/03\\\/BIO-2.jpg\",\"width\":1860,\"height\":1888},{\"@type\":\"BreadcrumbList\",\"@id\":\"https:\\\/\\\/www.diangelo.com.ar\\\/web\\\/bio-cristian-di-angelo\\\/#breadcrumb\",\"itemListElement\":[{\"@type\":\"ListItem\",\"position\":1,\"name\":\"Portada\",\"item\":\"https:\\\/\\\/www.diangelo.com.ar\\\/web\\\/\"},{\"@type\":\"ListItem\",\"position\":2,\"name\":\"Bio Cristian Di Angelo\"}]},{\"@type\":\"WebSite\",\"@id\":\"https:\\\/\\\/www.diangelo.com.ar\\\/web\\\/#website\",\"url\":\"https:\\\/\\\/www.diangelo.com.ar\\\/web\\\/\",\"name\":\"Estudio Di Angelo\",\"description\":\"Abogados especialistas en accidentes da\u00f1os y derecho deportivo\",\"publisher\":{\"@id\":\"https:\\\/\\\/www.diangelo.com.ar\\\/web\\\/#\\\/schema\\\/person\\\/0d518b7eacd3749128aa4f0b13ad0880\"},\"alternateName\":\"Estudio de Abogados Di Angelo\",\"potentialAction\":[{\"@type\":\"SearchAction\",\"target\":{\"@type\":\"EntryPoint\",\"urlTemplate\":\"https:\\\/\\\/www.diangelo.com.ar\\\/web\\\/?s={search_term_string}\"},\"query-input\":{\"@type\":\"PropertyValueSpecification\",\"valueRequired\":true,\"valueName\":\"search_term_string\"}}],\"inLanguage\":\"es\"},{\"@type\":[\"Person\",\"Organization\"],\"@id\":\"https:\\\/\\\/www.diangelo.com.ar\\\/web\\\/#\\\/schema\\\/person\\\/0d518b7eacd3749128aa4f0b13ad0880\",\"name\":\"admin\",\"image\":{\"@type\":\"ImageObject\",\"inLanguage\":\"es\",\"@id\":\"https:\\\/\\\/www.diangelo.com.ar\\\/web\\\/wp-content\\\/uploads\\\/2025\\\/08\\\/cropped-icono-estudio-abogados.jpg\",\"url\":\"https:\\\/\\\/www.diangelo.com.ar\\\/web\\\/wp-content\\\/uploads\\\/2025\\\/08\\\/cropped-icono-estudio-abogados.jpg\",\"contentUrl\":\"https:\\\/\\\/www.diangelo.com.ar\\\/web\\\/wp-content\\\/uploads\\\/2025\\\/08\\\/cropped-icono-estudio-abogados.jpg\",\"width\":512,\"height\":512,\"caption\":\"admin\"},\"logo\":{\"@id\":\"https:\\\/\\\/www.diangelo.com.ar\\\/web\\\/wp-content\\\/uploads\\\/2025\\\/08\\\/cropped-icono-estudio-abogados.jpg\"},\"sameAs\":[\"https:\\\/\\\/www.diangelo.com.ar\\\/web\"]}]}<\/script>\n<!-- \/ Yoast SEO plugin. -->","yoast_head_json":{"title":"Bio Cristian Di Angelo &#187; Estudio Di Angelo","description":"Soy un abogado especialista en accidentes de tr\u00e1nsito, accidentes en v\u00eda p\u00fablica y derecho deportivo en Argentina, CABA con experiencia.","robots":{"index":"index","follow":"follow","max-snippet":"max-snippet:-1","max-image-preview":"max-image-preview:large","max-video-preview":"max-video-preview:-1"},"canonical":"https:\/\/www.diangelo.com.ar\/web\/bio-cristian-di-angelo\/","og_locale":"es_ES","og_type":"article","og_title":"Bio Cristian Di Angelo &#187; Estudio Di Angelo","og_description":"Soy un abogado especialista en accidentes de tr\u00e1nsito, accidentes en v\u00eda p\u00fablica y derecho deportivo en Argentina, CABA con experiencia.","og_url":"https:\/\/www.diangelo.com.ar\/web\/bio-cristian-di-angelo\/","og_site_name":"Estudio Di Angelo","article_modified_time":"2025-08-05T12:32:25+00:00","og_image":[{"width":1860,"height":1888,"url":"https:\/\/www.diangelo.com.ar\/web\/wp-content\/uploads\/2025\/03\/BIO-2.jpg","type":"image\/jpeg"}],"twitter_card":"summary_large_image","twitter_misc":{"Tiempo de lectura":"2 minutos"},"schema":{"@context":"https:\/\/schema.org","@graph":[{"@type":"WebPage","@id":"https:\/\/www.diangelo.com.ar\/web\/bio-cristian-di-angelo\/","url":"https:\/\/www.diangelo.com.ar\/web\/bio-cristian-di-angelo\/","name":"Bio Cristian Di Angelo &#187; Estudio Di Angelo","isPartOf":{"@id":"https:\/\/www.diangelo.com.ar\/web\/#website"},"primaryImageOfPage":{"@id":"https:\/\/www.diangelo.com.ar\/web\/bio-cristian-di-angelo\/#primaryimage"},"image":{"@id":"https:\/\/www.diangelo.com.ar\/web\/bio-cristian-di-angelo\/#primaryimage"},"thumbnailUrl":"https:\/\/www.diangelo.com.ar\/web\/wp-content\/uploads\/2025\/03\/BIO-2-1009x1024.jpg","datePublished":"2025-02-27T14:43:47+00:00","dateModified":"2025-08-05T12:32:25+00:00","description":"Soy un abogado especialista en accidentes de tr\u00e1nsito, accidentes en v\u00eda p\u00fablica y derecho deportivo en Argentina, CABA con experiencia.","breadcrumb":{"@id":"https:\/\/www.diangelo.com.ar\/web\/bio-cristian-di-angelo\/#breadcrumb"},"inLanguage":"es","potentialAction":[{"@type":"ReadAction","target":["https:\/\/www.diangelo.com.ar\/web\/bio-cristian-di-angelo\/"]}]},{"@type":"ImageObject","inLanguage":"es","@id":"https:\/\/www.diangelo.com.ar\/web\/bio-cristian-di-angelo\/#primaryimage","url":"https:\/\/www.diangelo.com.ar\/web\/wp-content\/uploads\/2025\/03\/BIO-2.jpg","contentUrl":"https:\/\/www.diangelo.com.ar\/web\/wp-content\/uploads\/2025\/03\/BIO-2.jpg","width":1860,"height":1888},{"@type":"BreadcrumbList","@id":"https:\/\/www.diangelo.com.ar\/web\/bio-cristian-di-angelo\/#breadcrumb","itemListElement":[{"@type":"ListItem","position":1,"name":"Portada","item":"https:\/\/www.diangelo.com.ar\/web\/"},{"@type":"ListItem","position":2,"name":"Bio Cristian Di Angelo"}]},{"@type":"WebSite","@id":"https:\/\/www.diangelo.com.ar\/web\/#website","url":"https:\/\/www.diangelo.com.ar\/web\/","name":"Estudio Di Angelo","description":"Abogados especialistas en accidentes da\u00f1os y derecho deportivo","publisher":{"@id":"https:\/\/www.diangelo.com.ar\/web\/#\/schema\/person\/0d518b7eacd3749128aa4f0b13ad0880"},"alternateName":"Estudio de Abogados Di Angelo","potentialAction":[{"@type":"SearchAction","target":{"@type":"EntryPoint","urlTemplate":"https:\/\/www.diangelo.com.ar\/web\/?s={search_term_string}"},"query-input":{"@type":"PropertyValueSpecification","valueRequired":true,"valueName":"search_term_string"}}],"inLanguage":"es"},{"@type":["Person","Organization"],"@id":"https:\/\/www.diangelo.com.ar\/web\/#\/schema\/person\/0d518b7eacd3749128aa4f0b13ad0880","name":"admin","image":{"@type":"ImageObject","inLanguage":"es","@id":"https:\/\/www.diangelo.com.ar\/web\/wp-content\/uploads\/2025\/08\/cropped-icono-estudio-abogados.jpg","url":"https:\/\/www.diangelo.com.ar\/web\/wp-content\/uploads\/2025\/08\/cropped-icono-estudio-abogados.jpg","contentUrl":"https:\/\/www.diangelo.com.ar\/web\/wp-content\/uploads\/2025\/08\/cropped-icono-estudio-abogados.jpg","width":512,"height":512,"caption":"admin"},"logo":{"@id":"https:\/\/www.diangelo.com.ar\/web\/wp-content\/uploads\/2025\/08\/cropped-icono-estudio-abogados.jpg"},"sameAs":["https:\/\/www.diangelo.com.ar\/web"]}]}},"_links":{"self":[{"href":"https:\/\/www.diangelo.com.ar\/web\/wp-json\/wp\/v2\/pages\/117","targetHints":{"allow":["GET"]}}],"collection":[{"href":"https:\/\/www.diangelo.com.ar\/web\/wp-json\/wp\/v2\/pages"}],"about":[{"href":"https:\/\/www.diangelo.com.ar\/web\/wp-json\/wp\/v2\/types\/page"}],"author":[{"embeddable":true,"href":"https:\/\/www.diangelo.com.ar\/web\/wp-json\/wp\/v2\/users\/1"}],"replies":[{"embeddable":true,"href":"https:\/\/www.diangelo.com.ar\/web\/wp-json\/wp\/v2\/comments?post=117"}],"version-history":[{"count":9,"href":"https:\/\/www.diangelo.com.ar\/web\/wp-json\/wp\/v2\/pages\/117\/revisions"}],"predecessor-version":[{"id":277,"href":"https:\/\/www.diangelo.com.ar\/web\/wp-json\/wp\/v2\/pages\/117\/revisions\/277"}],"wp:attachment":[{"href":"https:\/\/www.diangelo.com.ar\/web\/wp-json\/wp\/v2\/media?parent=117"}],"curies":[{"name":"wp","href":"https:\/\/api.w.org\/{rel}","templated":true}]}}